{"id":5,"date":"2017-10-30T20:21:46","date_gmt":"2017-10-30T20:21:46","guid":{"rendered":"http:\/\/cijulenlinea.plasmasoluciones.com\/manual\/?page_id=2"},"modified":"2017-10-30T20:21:46","modified_gmt":"2017-10-30T20:21:46","slug":"introduccion","status":"publish","type":"page","link":"https:\/\/cijulenlinea.ucr.ac.cr\/manual\/","title":{"rendered":"Introducci\u00f3n"},"content":{"rendered":"<div id=\"pl-5\"  class=\"panel-layout\" ><div id=\"pg-5-0\"  class=\"panel-grid panel-no-style\" ><div id=\"pgc-5-0-0\"  class=\"panel-grid-cell\" ><div id=\"panel-5-0-0-0\" class=\"so-panel widget widget_sow-editor panel-first-child panel-last-child\" data-index=\"0\" ><div\n\t\t\t\n\t\t\tclass=\"so-widget-sow-editor so-widget-sow-editor-base\"\n\t\t\t\n\t\t>\n<div class=\"siteorigin-widget-tinymce textwidget\">\n\t<p>La plataforma para usuarios del Sistema <strong>CIJUL en L\u00ednea<\/strong>, permite brindar un servicio especializado a los agremiados del Colegio de Abogados y Abogadas, y la difusi\u00f3n de las ciencias jur\u00eddicas, permitiendo tener acceso a casi <strong>4000 investigaciones<\/strong> en el \u00e1rea jur\u00eddica.<\/p>\n<p>Las investigaciones ayudan a <strong>ampliar los conocimientos del profesional en Derecho<\/strong>, brindando informaci\u00f3n relevante en las diferentes ramas, mediante varios m\u00e9todos de b\u00fasqueda.<\/p>\n<p>Este manual es un instructivo que explica c\u00f3mo efectuar las b\u00fasquedas y consultas mediante estos eficaces\u00a0m\u00e9todos, y brinda\u00a0 asistencia a los usuarios agremiados que llevan un caso y desean mejores recursos para resolverlo.<\/p>\n<p>Encuentre a continuaci\u00f3n una detallada descripci\u00f3n de cada unas de las secciones y funcionalidades que comprende esta herramienta.<\/p>\n<\/div>\n<\/div><\/div><\/div><\/div><div id=\"pg-5-1\"  class=\"panel-grid panel-no-style\" ><div id=\"pgc-5-1-0\"  class=\"panel-grid-cell\" ><\/div><\/div><\/div>","protected":false},"excerpt":{"rendered":"<p>La plataforma para usuarios del Sistema CIJUL en L\u00ednea, permite brindar un servicio especializado a los agremiados del Colegio de Abogados y Abogadas, y la difusi\u00f3n de las ciencias jur\u00eddicas, permitiendo tener acceso a casi 4000 investigaciones en el \u00e1rea jur\u00eddica. Las investigaciones ayudan a ampliar los conocimientos del profesional en Derecho, brindando informaci\u00f3n relevanteContinue reading &rarr;<\/p>\n","protected":false},"author":2,"featured_media":0,"parent":0,"menu_order":0,"comment_status":"closed","ping_status":"closed","template":"","meta":{"footnotes":""},"class_list":["post-5","page","type-page","status-publish","hentry","no-thumb"],"_links":{"self":[{"href":"https:\/\/cijulenlinea.ucr.ac.cr\/manual\/wp-json\/wp\/v2\/pages\/5","targetHints":{"allow":["GET"]}}],"collection":[{"href":"https:\/\/cijulenlinea.ucr.ac.cr\/manual\/wp-json\/wp\/v2\/pages"}],"about":[{"href":"https:\/\/cijulenlinea.ucr.ac.cr\/manual\/wp-json\/wp\/v2\/types\/page"}],"author":[{"embeddable":true,"href":"https:\/\/cijulenlinea.ucr.ac.cr\/manual\/wp-json\/wp\/v2\/users\/2"}],"replies":[{"embeddable":true,"href":"https:\/\/cijulenlinea.ucr.ac.cr\/manual\/wp-json\/wp\/v2\/comments?post=5"}],"version-history":[{"count":0,"href":"https:\/\/cijulenlinea.ucr.ac.cr\/manual\/wp-json\/wp\/v2\/pages\/5\/revisions"}],"wp:attachment":[{"href":"https:\/\/cijulenlinea.ucr.ac.cr\/manual\/wp-json\/wp\/v2\/media?parent=5"}],"curies":[{"name":"wp","href":"https:\/\/api.w.org\/{rel}","templated":true}]}}