{"id":54,"date":"2017-11-01T21:55:30","date_gmt":"2017-11-01T21:55:30","guid":{"rendered":"http:\/\/cijulenlinea.plasmasoluciones.com\/manual\/?page_id=54"},"modified":"2017-11-01T21:55:30","modified_gmt":"2017-11-01T21:55:30","slug":"glosario","status":"publish","type":"page","link":"https:\/\/cijulenlinea.ucr.ac.cr\/manual\/glosario\/","title":{"rendered":"3. Glosario"},"content":{"rendered":"<p>Con este glosario se busca aclarar el significado de algunos t\u00e9rminos que se consideran claves para la comprensi\u00f3n del presente manual.<br \/>\nSi encuentra alg\u00fan t\u00e9rmino que le resulte confuso o que considere que pueda ser incluido en el mismo, por favor h\u00e1ganoslo saber a trav\u00e9s del siguiente fromulario.<\/p>\n<p>[bg_collapse view=&#8221;button-blue&#8221; color=&#8221;#FFFFFF&#8221; icon=&#8221;zoom&#8221; expand_text=&#8221;SUGERENCIAS&#8221; collapse_text=&#8221;CERRAR SUGENENCIAS&#8221; ][contact-form-7 id=&#8221;312&#8243; title=&#8221;Sugerencias para glosario&#8221;][\/bg_collapse]<\/p>\n<p>&nbsp;<\/p>\n<h3><b>CMS (Content Management System &#8211; Sistema de gesti\u00f3n de contenidos)<\/b><\/h3>\n<p><span style=\"font-weight: 400\">Plataforma pre-estructurada \u00a0que permite administrar la mayor\u00eda de los elementos que conforman una p\u00e1gina Web. Con el sistema de gesti\u00f3n de contenidos de una p\u00e1gina Web se evita la programaci\u00f3n desde cero, lo que ahorra tiempo y dinero. Los mejores sistemas de gesti\u00f3n de contenidos ofrecen un panel de administraci\u00f3n tan poderoso \u00a0que no es necesario entrar a los archivos en el servidor para hacer cambios en el frente ni en el funcionamiento de tu p\u00e1gina Web.<\/span><\/p>\n<p><b>Buscador<\/b><\/p>\n<p><span style=\"font-weight: 400\">Un buscador es una herramienta de software que permite explorar el contenido de una base de datos o sitio web, para localizar los contenidos relacionados a determinados criterios as\u00ed como a una palabra o palabras establecidas.<\/span><\/p>\n<p><b><br \/>\n<\/b><b>CIJUL en l\u00ednea<\/b><\/p>\n<p><span style=\"font-weight: 400\">Plataforma web orientada a facilitar acceso <\/span><span style=\"font-weight: 400\">especializado a los agremiados del colegio de abogados a casi <\/span><b>4000 investigaciones<\/b><span style=\"font-weight: 400\"> en el \u00e1rea jur\u00eddica, adem\u00e1s de la difusi\u00f3n de las ciencias jur\u00eddicas.<\/span><\/p>\n<p>&nbsp;<\/p>\n<p><b>DJN<\/b><\/p>\n<p><span style=\"font-weight: 400\">Base de Datos de la Doctrina Jur\u00eddica presente en Revistas Nacionales de la Biblioteca de Derecho, Universidad de Costa Rica.<\/span><\/p>\n<p>&nbsp;<\/p>\n<p><b>Plataforma web<\/b><\/p>\n<p><span style=\"font-weight: 400\">sistema que permite la ejecuci\u00f3n de diversas aplicaciones bajo un mismo entorno, dando a los usuarios la posibilidad de acceder a ellas a trav\u00e9s de Internet.<\/span><\/p>\n<p>&nbsp;<\/p>\n<p><b>Interfaz<\/b><\/p>\n<p><span style=\"font-weight: 400\">Se denomina interfaz al conjunto de elementos de la pantalla que permiten al usuario realizar acciones sobre el Sitio Web que est\u00e1 navegando. Por lo tanto, se considera parte de la interfaz a los elementos de identificaci\u00f3n, de navegaci\u00f3n, de contenido y de acci\u00f3n.<\/span><\/p>\n<p><b><br \/>\n<\/b><b>OPAC\/ SIBDI<\/b><\/p>\n<p><span style=\"font-weight: 400\">Base de Datos de la Biblioteca de Derecho de la Universidad de Costa Rica.<\/span><\/p>\n<p>&nbsp;<\/p>\n<p><b>WordPress<\/b><span style=\"font-weight: 400\"><br \/>\n<\/span><span style=\"font-weight: 400\">Gestor de contenidos (CMS) de mayor crecimiento y utilizaci\u00f3n a nivel mundial. Plataforma extremadamente vers\u00e1til que permite desarrollar y gestionar sitios web de pr\u00e1cticamente cualquier tama\u00f1o, con m\u00faltiples posibilidades de configuraci\u00f3n y crecimiento a un costo razonable.<\/span><\/p>\n","protected":false},"excerpt":{"rendered":"<p>Con este glosario se busca aclarar el significado de algunos t\u00e9rminos que se consideran claves para la comprensi\u00f3n del presente manual. Si encuentra alg\u00fan t\u00e9rmino que le resulte confuso o que considere que pueda ser incluido en el mismo, por favor h\u00e1ganoslo saber a trav\u00e9s del siguiente fromulario. [bg_collapse view=&#8221;button-blue&#8221; color=&#8221;#FFFFFF&#8221; icon=&#8221;zoom&#8221; expand_text=&#8221;SUGERENCIAS&#8221; collapse_text=&#8221;CERRAR SUGENENCIAS&#8221;Continue reading &rarr;<\/p>\n","protected":false},"author":2,"featured_media":0,"parent":0,"menu_order":0,"comment_status":"closed","ping_status":"closed","template":"","meta":{"footnotes":""},"class_list":["post-54","page","type-page","status-publish","hentry","no-thumb"],"_links":{"self":[{"href":"https:\/\/cijulenlinea.ucr.ac.cr\/manual\/wp-json\/wp\/v2\/pages\/54","targetHints":{"allow":["GET"]}}],"collection":[{"href":"https:\/\/cijulenlinea.ucr.ac.cr\/manual\/wp-json\/wp\/v2\/pages"}],"about":[{"href":"https:\/\/cijulenlinea.ucr.ac.cr\/manual\/wp-json\/wp\/v2\/types\/page"}],"author":[{"embeddable":true,"href":"https:\/\/cijulenlinea.ucr.ac.cr\/manual\/wp-json\/wp\/v2\/users\/2"}],"replies":[{"embeddable":true,"href":"https:\/\/cijulenlinea.ucr.ac.cr\/manual\/wp-json\/wp\/v2\/comments?post=54"}],"version-history":[{"count":0,"href":"https:\/\/cijulenlinea.ucr.ac.cr\/manual\/wp-json\/wp\/v2\/pages\/54\/revisions"}],"wp:attachment":[{"href":"https:\/\/cijulenlinea.ucr.ac.cr\/manual\/wp-json\/wp\/v2\/media?parent=54"}],"curies":[{"name":"wp","href":"https:\/\/api.w.org\/{rel}","templated":true}]}}